{"id":2,"date":"2018-10-01T03:50:35","date_gmt":"2018-10-01T03:50:35","guid":{"rendered":"https:\/\/dev.rigorousthemes.com\/demo\/web-app\/?page_id=2"},"modified":"2021-05-05T16:50:20","modified_gmt":"2021-05-05T16:50:20","slug":"sample-page","status":"publish","type":"page","link":"http:\/\/btiigroup.com\/pt\/sample-page\/","title":{"rendered":"Como funciona?"},"content":{"rendered":"<div data-elementor-type=\"wp-page\" data-elementor-id=\"2\" class=\"elementor elementor-2\">\n\t\t\t\t\t\t\t\t\t<section class=\"elementor-section elementor-top-section elementor-element elementor-element-1a46191 elementor-section-boxed elementor-section-height-default elementor-section-height-default\" data-id=\"1a46191\" data-element_type=\"section\" data-settings=\"{&quot;background_background&quot;:&quot;classic&quot;}\">\n\t\t\t\t\t\t<div class=\"elementor-container elementor-column-gap-default\">\n\t\t\t\t\t<div class=\"elementor-column elementor-col-33 elementor-top-column elementor-element elementor-element-6146478\" data-id=\"6146478\" data-element_type=\"column\">\n\t\t\t<div class=\"elementor-widget-wrap\">\n\t\t\t\t\t\t\t\t\t<\/div>\n\t\t<\/div>\n\t\t\t\t<div class=\"elementor-column elementor-col-33 elementor-top-column elementor-element elementor-element-b718b95\" data-id=\"b718b95\" data-element_type=\"column\">\n\t\t\t<div class=\"elementor-widget-wrap elementor-element-populated\">\n\t\t\t\t\t\t\t\t<div class=\"elementor-element elementor-element-321c166 elementor-widget elementor-widget-video\" data-id=\"321c166\" data-element_type=\"widget\" data-settings=\"{&quot;youtube_url&quot;:&quot;https:\\\/\\\/www.youtube.com\\\/watch?time_continue=3&amp;v=LOd77m6pxwc&amp;feature=emb_logo&quot;,&quot;show_image_overlay&quot;:&quot;yes&quot;,&quot;image_overlay&quot;:{&quot;url&quot;:&quot;https:\\\/\\\/btiigroup.com\\\/wp-content\\\/uploads\\\/2021\\\/05\\\/S1_2.png&quot;,&quot;id&quot;:971,&quot;size&quot;:&quot;&quot;},&quot;lightbox&quot;:&quot;yes&quot;,&quot;video_type&quot;:&quot;youtube&quot;,&quot;controls&quot;:&quot;yes&quot;}\" data-widget_type=\"video.default\">\n\t\t\t\t<div class=\"elementor-widget-container\">\n\t\t\t\t\t<div class=\"elementor-wrapper elementor-open-lightbox\">\n\t\t\t\t\t\t\t<div class=\"elementor-custom-embed-image-overlay\" data-elementor-open-lightbox=\"yes\" data-elementor-lightbox=\"{&quot;type&quot;:&quot;video&quot;,&quot;videoType&quot;:&quot;youtube&quot;,&quot;url&quot;:&quot;https:\\\/\\\/www.youtube.com\\\/embed\\\/LOd77m6pxwc?feature=oembed&amp;start&amp;end&amp;wmode=opaque&amp;loop=0&amp;controls=1&amp;mute=0&amp;rel=0&amp;modestbranding=0&quot;,&quot;modalOptions&quot;:{&quot;id&quot;:&quot;elementor-lightbox-321c166&quot;,&quot;entranceAnimation&quot;:&quot;&quot;,&quot;entranceAnimation_tablet&quot;:&quot;&quot;,&quot;entranceAnimation_mobile&quot;:&quot;&quot;,&quot;videoAspectRatio&quot;:&quot;169&quot;}}\" data-e-action-hash=\"#elementor-action%3Aaction%3Dlightbox%26settings%3DeyJ0eXBlIjoidmlkZW8iLCJ2aWRlb1R5cGUiOiJ5b3V0dWJlIiwidXJsIjoiaHR0cHM6XC9cL3d3dy55b3V0dWJlLmNvbVwvZW1iZWRcL0xPZDc3bTZweHdjP2ZlYXR1cmU9b2VtYmVkJnN0YXJ0JmVuZCZ3bW9kZT1vcGFxdWUmbG9vcD0wJmNvbnRyb2xzPTEmbXV0ZT0wJnJlbD0wJm1vZGVzdGJyYW5kaW5nPTAiLCJtb2RhbE9wdGlvbnMiOnsiaWQiOiJlbGVtZW50b3ItbGlnaHRib3gtMzIxYzE2NiIsImVudHJhbmNlQW5pbWF0aW9uIjoiIiwiZW50cmFuY2VBbmltYXRpb25fdGFibGV0IjoiIiwiZW50cmFuY2VBbmltYXRpb25fbW9iaWxlIjoiIiwidmlkZW9Bc3BlY3RSYXRpbyI6IjE2OSJ9fQ%3D%3D\">\n\t\t\t\t\t\t\t\t\t\t\t<img decoding=\"async\" width=\"639\" height=\"556\" src=\"http:\/\/btiigroup.com\/wp-content\/uploads\/2021\/05\/S1_2.png\" class=\"attachment-large size-large wp-image-971\" alt=\"\" loading=\"lazy\" srcset=\"http:\/\/btiigroup.com\/wp-content\/uploads\/2021\/05\/S1_2.png 639w, http:\/\/btiigroup.com\/wp-content\/uploads\/2021\/05\/S1_2-150x131.png 150w, http:\/\/btiigroup.com\/wp-content\/uploads\/2021\/05\/S1_2-300x261.png 300w\" sizes=\"(max-width: 639px) 100vw, 639px\" \/>\t\t\t\t\t\t\t\t\t\t\t\t\t\t\t\t<div class=\"elementor-custom-embed-play\" role=\"button\" aria-label=\"Reproduzir v\u00eddeo\" tabindex=\"0\" data-no-translation-aria-label=\"\">\n\t\t\t\t\t\t\t<i aria-hidden=\"true\" class=\"eicon-play\"><\/i>\t\t\t\t\t\t\t<span class=\"elementor-screen-only\" data-no-translation=\"\" data-trp-gettext=\"\">Reproduzir v\u00eddeo<\/span>\n\t\t\t\t\t\t<\/div>\n\t\t\t\t\t\t\t\t\t<\/div>\n\t\t\t\t\t<\/div>\n\t\t\t\t<\/div>\n\t\t\t\t<\/div>\n\t\t\t\t<div class=\"elementor-element elementor-element-52ea0f3 elementor-widget elementor-widget-kata-plus-text\" data-id=\"52ea0f3\" data-element_type=\"widget\" data-widget_type=\"kata-plus-text.default\">\n\t\t\t\t<div class=\"elementor-widget-container\">\n\t\t\t\r\n\t<div class=\"kata-plus-text elementor-inline-editing\" >\r\n\t\t<p>Clique aqui para ver alguns v\u00eddeos<\/p>\t<\/div>\r\n\t\t\t<\/div>\n\t\t\t\t<\/div>\n\t\t\t\t\t<\/div>\n\t\t<\/div>\n\t\t\t\t<div class=\"elementor-column elementor-col-33 elementor-top-column elementor-element elementor-element-8b38451\" data-id=\"8b38451\" data-element_type=\"column\">\n\t\t\t<div class=\"elementor-widget-wrap\">\n\t\t\t\t\t\t\t\t\t<\/div>\n\t\t<\/div>\n\t\t\t\t\t\t\t<\/div>\n\t\t<\/section>\n\t\t\t\t<section class=\"elementor-section elementor-top-section elementor-element elementor-element-9d4e5dd elementor-section-boxed elementor-section-height-default elementor-section-height-default\" data-id=\"9d4e5dd\" data-element_type=\"section\">\n\t\t\t\t\t\t<div class=\"elementor-container elementor-column-gap-default\">\n\t\t\t\t\t<div class=\"elementor-column elementor-col-100 elementor-top-column elementor-element elementor-element-018f13e\" data-id=\"018f13e\" data-element_type=\"column\">\n\t\t\t<div class=\"elementor-widget-wrap elementor-element-populated\">\n\t\t\t\t\t\t\t\t<div class=\"elementor-element elementor-element-157a631 elementor-widget elementor-widget-kata-plus-gap\" data-id=\"157a631\" data-element_type=\"widget\" data-widget_type=\"kata-plus-gap.default\">\n\t\t\t\t<div class=\"elementor-widget-container\">\n\t\t\t\r\n<div class=\"kata-spacer\">\r\n\t<div class=\"kata-spacer-inner\"><\/div>\r\n<\/div>\r\n\r\n\t\t<\/div>\n\t\t\t\t<\/div>\n\t\t\t\t\t<\/div>\n\t\t<\/div>\n\t\t\t\t\t\t\t<\/div>\n\t\t<\/section>\n\t\t\t\t<section class=\"elementor-section elementor-top-section elementor-element elementor-element-cac8f0d elementor-section-boxed elementor-section-height-default elementor-section-height-default\" data-id=\"cac8f0d\" data-element_type=\"section\">\n\t\t\t\t\t\t<div class=\"elementor-container elementor-column-gap-default\">\n\t\t\t\t\t<div class=\"elementor-column elementor-col-100 elementor-top-column elementor-element elementor-element-ca9bd41\" data-id=\"ca9bd41\" data-element_type=\"column\">\n\t\t\t<div class=\"elementor-widget-wrap elementor-element-populated\">\n\t\t\t\t\t\t\t\t<div class=\"elementor-element elementor-element-4a799a9 elementor-widget elementor-widget-kata-plus-title\" data-id=\"4a799a9\" data-element_type=\"widget\" data-widget_type=\"kata-plus-title.default\">\n\t\t\t\t<div class=\"elementor-widget-container\">\n\t\t\t\t<div class=\"kata-plus-title-wrapper\">\r\n\t\t\t\t\t\t\t<h4 class=\"kata-plus-title elementor-inline-editing\" >Cardante \u00e9 um cart\u00e3o inteligente muito f\u00e1cil de usar<\/h4>\r\n\t\t\t\t\t\t\t<h5 class=\"kata-plus-subtitle elementor-inline-editing\" >De f\u00e1cil acesso e entendimento, simples de fazer, n\u00e3o requer nenhum conhecimento especifico. <\/h5>\r\n\t\t\t<\/div>\r\n\t\t\t<\/div>\n\t\t\t\t<\/div>\n\t\t\t\t\t<\/div>\n\t\t<\/div>\n\t\t\t\t\t\t\t<\/div>\n\t\t<\/section>\n\t\t\t\t<section class=\"elementor-section elementor-top-section elementor-element elementor-element-e0b914f elementor-section-boxed elementor-section-height-default elementor-section-height-default\" data-id=\"e0b914f\" data-element_type=\"section\">\n\t\t\t\t\t\t<div class=\"elementor-container elementor-column-gap-default\">\n\t\t\t\t\t<div class=\"elementor-column elementor-col-33 elementor-top-column elementor-element elementor-element-01d9223\" data-id=\"01d9223\" data-element_type=\"column\">\n\t\t\t<div class=\"elementor-widget-wrap elementor-element-populated\">\n\t\t\t\t\t\t\t\t<div class=\"elementor-element elementor-element-68b6d82 elementor-position-top elementor-vertical-align-top elementor-widget elementor-widget-image-box\" data-id=\"68b6d82\" data-element_type=\"widget\" data-widget_type=\"image-box.default\">\n\t\t\t\t<div class=\"elementor-widget-container\">\n\t\t\t<div class=\"elementor-image-box-wrapper\"><figure class=\"elementor-image-box-img\"><img decoding=\"async\" width=\"357\" height=\"400\" src=\"http:\/\/btiigroup.com\/wp-content\/uploads\/2021\/04\/timeless.98c66c0-1.gif\" class=\"attachment-full size-full wp-image-268\" alt=\"\" loading=\"lazy\" \/><\/figure><div class=\"elementor-image-box-content\"><h3 class=\"elementor-image-box-title\">Um cart\u00e3o de visita<\/h3><p class=\"elementor-image-box-description\">Voc\u00ea s\u00f3 precisa de um cart\u00e3o para compartilhar seus dados de contato, seja em reuni\u00f5es presenciais ou online<\/p><\/div><\/div>\t\t<\/div>\n\t\t\t\t<\/div>\n\t\t\t\t\t<\/div>\n\t\t<\/div>\n\t\t\t\t<div class=\"elementor-column elementor-col-33 elementor-top-column elementor-element elementor-element-f099902\" data-id=\"f099902\" data-element_type=\"column\">\n\t\t\t<div class=\"elementor-widget-wrap elementor-element-populated\">\n\t\t\t\t\t\t\t\t<div class=\"elementor-element elementor-element-b8c039e elementor-position-top elementor-vertical-align-top elementor-widget elementor-widget-image-box\" data-id=\"b8c039e\" data-element_type=\"widget\" data-widget_type=\"image-box.default\">\n\t\t\t\t<div class=\"elementor-widget-container\">\n\t\t\t<div class=\"elementor-image-box-wrapper\"><figure class=\"elementor-image-box-img\"><img decoding=\"async\" width=\"357\" height=\"400\" src=\"http:\/\/btiigroup.com\/wp-content\/uploads\/2021\/04\/one-app.ebaa0b5-1.gif\" class=\"attachment-full size-full wp-image-276\" alt=\"\" loading=\"lazy\" \/><\/figure><div class=\"elementor-image-box-content\"><h3 class=\"elementor-image-box-title\">Um toque. Sem aplicativo<\/h3><p class=\"elementor-image-box-description\">N\u00e3o requer instala\u00e7\u00e3o. Cardanti funciona atrav\u00e9s do navegador de internet do smartphone.<\/p><\/div><\/div>\t\t<\/div>\n\t\t\t\t<\/div>\n\t\t\t\t\t<\/div>\n\t\t<\/div>\n\t\t\t\t<div class=\"elementor-column elementor-col-33 elementor-top-column elementor-element elementor-element-be3d129\" data-id=\"be3d129\" data-element_type=\"column\">\n\t\t\t<div class=\"elementor-widget-wrap elementor-element-populated\">\n\t\t\t\t\t\t\t\t<div class=\"elementor-element elementor-element-c92db89 elementor-position-top elementor-vertical-align-top elementor-widget elementor-widget-image-box\" data-id=\"c92db89\" data-element_type=\"widget\" data-widget_type=\"image-box.default\">\n\t\t\t\t<div class=\"elementor-widget-container\">\n\t\t\t<div class=\"elementor-image-box-wrapper\"><figure class=\"elementor-image-box-img\"><img decoding=\"async\" width=\"357\" height=\"400\" src=\"http:\/\/btiigroup.com\/wp-content\/uploads\/2021\/04\/socials.a03691a-1.gif\" class=\"attachment-full size-full wp-image-277\" alt=\"\" loading=\"lazy\" \/><\/figure><div class=\"elementor-image-box-content\"><h3 class=\"elementor-image-box-title\">Perfil do seu neg\u00f3cio<\/h3><p class=\"elementor-image-box-description\">Edite suas informa\u00e7\u00f5es de contato a qualquer momento. Telefone, endere\u00e7o, links sociais, v\u00eddeos, apresenta\u00e7\u00f5es e muito mais<\/p><\/div><\/div>\t\t<\/div>\n\t\t\t\t<\/div>\n\t\t\t\t\t<\/div>\n\t\t<\/div>\n\t\t\t\t\t\t\t<\/div>\n\t\t<\/section>\n\t\t\t\t\t\t\t<\/div>","protected":false},"excerpt":{"rendered":"<p>https:\/\/www.youtube.com\/watch?time_continue=3&#038;v=LOd77m6pxwc&#038;feature=emb_logo click to see the video The easiest smart card to use There is no need for extra effort. There is no knowledge barriers or need to educate One Business Card You only need one card to share your contact details be it in face to face or online meetings. One Tap. No App You [&hellip;]<\/p>","protected":false},"author":1,"featured_media":0,"parent":0,"menu_order":0,"comment_status":"closed","ping_status":"open","template":"","meta":{"passster_activate_protection":false,"passster_protect_child_pages":"","passster_protection_type":"password","passster_password":"","passster_activate_overwrite_defaults":"","passster_headline":"","passster_instruction":"","passster_placeholder":"","passster_button":"","passster_id":"","passster_activate_misc_settings":"","passster_redirect_url":"","passster_hide":"no","passster_area_shortcode":""},"_links":{"self":[{"href":"http:\/\/btiigroup.com\/pt\/wp-json\/wp\/v2\/pages\/2"}],"collection":[{"href":"http:\/\/btiigroup.com\/pt\/wp-json\/wp\/v2\/pages"}],"about":[{"href":"http:\/\/btiigroup.com\/pt\/wp-json\/wp\/v2\/types\/page"}],"author":[{"embeddable":true,"href":"http:\/\/btiigroup.com\/pt\/wp-json\/wp\/v2\/users\/1"}],"replies":[{"embeddable":true,"href":"http:\/\/btiigroup.com\/pt\/wp-json\/wp\/v2\/comments?post=2"}],"version-history":[{"count":5,"href":"http:\/\/btiigroup.com\/pt\/wp-json\/wp\/v2\/pages\/2\/revisions"}],"predecessor-version":[{"id":1028,"href":"http:\/\/btiigroup.com\/pt\/wp-json\/wp\/v2\/pages\/2\/revisions\/1028"}],"wp:attachment":[{"href":"http:\/\/btiigroup.com\/pt\/wp-json\/wp\/v2\/media?parent=2"}],"curies":[{"name":"wp","href":"https:\/\/api.w.org\/{rel}","templated":true}]}}