{"id":1237,"date":"2021-10-05T19:00:59","date_gmt":"2021-10-05T19:00:59","guid":{"rendered":"https:\/\/btiigroup.com\/?page_id=1237"},"modified":"2021-10-05T21:56:52","modified_gmt":"2021-10-05T21:56:52","slug":"payment-methods","status":"publish","type":"page","link":"http:\/\/btiigroup.com\/pt\/payment-methods\/","title":{"rendered":"FORMAS DE PAGAMENTO"},"content":{"rendered":"<p><span style=\"font-weight: 400;\">Para sua conveni\u00eancia, voc\u00ea pode optar por pagar por suas compras com:<\/span><\/p>\n<p><b>Dep\u00f3sito em conta banc\u00e1ria:<\/b><\/p>\n<p><span style=\"font-weight: 400;\">O nome do benefici\u00e1rio a ser exibido \u00e9 <\/span><b>BTIIGROUP<\/b><span style=\"font-weight: 400;\">.<\/span><\/p>\n<p><span style=\"font-weight: 400;\">Para pagar seu pedido por dep\u00f3sito banc\u00e1rio, selecione uma das seguintes contas banc\u00e1rias. <\/span><b>Na declara\u00e7\u00e3o de dep\u00f3sito voc\u00ea deve preencher seu nome e o n\u00famero do seu pedido que voc\u00ea ir\u00e1 enviar por e-mail<\/b><\/p>\n<p><span style=\"font-weight: 400;\">Neste caso, seu pedido ser\u00e1 confirmado, ap\u00f3s o envio do seu e-mail para <\/span><b>sales@btiigroup.com<\/b><span style=\"font-weight: 400;\"> contabilizando o dep\u00f3sito nominal do valor final do pedido (os custos de transfer\u00eancia s\u00e3o suportados pelo comprador), para o qual o n\u00famero do pedido deve necessariamente ser mencionado como assunto. O hor\u00e1rio de envio come\u00e7a a partir da data de confirma\u00e7\u00e3o do dep\u00f3sito. Ap\u00f3s 5 dias \u00fateis, o pedido \u00e9 automaticamente cancelado.<\/span><\/p>\n<h2><b>Nossos dados banc\u00e1rios<\/b><\/h2>\n<h2><b style=\"font-size: 16px;\">Conta em euros:<\/b><\/h2>\n<ul>\n<li style=\"font-weight: 400;\" aria-level=\"1\"><span style=\"font-weight: 400;\">Banco: <\/span><b>Unicredit<\/b><span style=\"font-weight: 400;\">\u00a0<\/span><\/li>\n<li style=\"font-weight: 400;\" aria-level=\"1\"><span style=\"font-weight: 400;\">IBAN: <\/span><b>RO90 BACX 0000 0021 2352 9002<\/b><span style=\"font-weight: 400;\">\u00a0<\/span><\/li>\n<\/ul>\n<h3><b>Conta em d\u00f3lares americanos:<\/b><\/h3>\n<ul>\n<li style=\"font-weight: 400;\" aria-level=\"1\"><span style=\"font-weight: 400;\">Banco: <\/span><b>Unicredit<\/b><span style=\"font-weight: 400;\">\u00a0<\/span><\/li>\n<li style=\"font-weight: 400;\" aria-level=\"1\"><span style=\"font-weight: 400;\">IBAN: <\/span><b>RO63 BACX 0000 0021 2352 9003<\/b><span style=\"font-weight: 400;\">\u00a0<\/span><\/li>\n<\/ul>\n<h3><b>Conta em lei:<\/b><\/h3>\n<ul>\n<li style=\"font-weight: 400;\" aria-level=\"1\"><span style=\"font-weight: 400;\">Banco: <\/span><b>Unicredit<\/b><span style=\"font-weight: 400;\">\u00a0<\/span><\/li>\n<li style=\"font-weight: 400;\" aria-level=\"1\"><span style=\"font-weight: 400;\">IBAN: <\/span><b>RO20 BACX 0000 0021 2352 9001<\/b><span style=\"font-weight: 400;\">\u00a0<\/span><\/li>\n<\/ul>\n<p>&nbsp;<\/p>\n<p><b>Transfer\u00eancia banc\u00e1ria direta:<\/b><\/p>\n<p><span style=\"font-weight: 400;\">Fa\u00e7a o seu pagamento diretamente em nossa conta banc\u00e1ria. Use seu ID do pedido como refer\u00eancia de pagamento. Seu pedido n\u00e3o ser\u00e1 enviado at\u00e9 que os fundos sejam liberados em nossa conta<\/span><\/p>\n<p>&nbsp;<\/p>\n<ul>\n<li><span style=\"font-weight: 400;\"> Cart\u00e3o de Cr\u00e9dito (Stripe)\u00a0 <\/span><\/li>\n<\/ul>\n<p><img decoding=\"async\" loading=\"lazy\" class=\"alignnone size-full wp-image-1238\" src=\"https:\/\/btiigroup.com\/wp-content\/uploads\/2021\/10\/image_2021-10-05_220042.png\" alt=\"\" width=\"178\" height=\"58\" srcset=\"http:\/\/btiigroup.com\/wp-content\/uploads\/2021\/10\/image_2021-10-05_220042.png 178w, http:\/\/btiigroup.com\/wp-content\/uploads\/2021\/10\/image_2021-10-05_220042-18x6.png 18w, http:\/\/btiigroup.com\/wp-content\/uploads\/2021\/10\/image_2021-10-05_220042-150x49.png 150w\" sizes=\"(max-width: 178px) 100vw, 178px\" \/><\/p>","protected":false},"excerpt":{"rendered":"<p>For your convenience you can choose to pay for your purchases with: Deposit to bank account: The name of the beneficiary to be displayed is BTIIGROUP. To pay for your order by bank deposit, select one of the following bank accounts. In the deposit statement you must fill in your name and the number of [&hellip;]<\/p>","protected":false},"author":1,"featured_media":0,"parent":0,"menu_order":0,"comment_status":"closed","ping_status":"closed","template":"","meta":{"passster_activate_protection":null,"passster_protect_child_pages":"","passster_protection_type":"password","passster_password":"","passster_activate_overwrite_defaults":"","passster_headline":"","passster_instruction":"","passster_placeholder":"","passster_button":"","passster_id":"","passster_activate_misc_settings":"","passster_redirect_url":"","passster_hide":"no","passster_area_shortcode":""},"_links":{"self":[{"href":"http:\/\/btiigroup.com\/pt\/wp-json\/wp\/v2\/pages\/1237"}],"collection":[{"href":"http:\/\/btiigroup.com\/pt\/wp-json\/wp\/v2\/pages"}],"about":[{"href":"http:\/\/btiigroup.com\/pt\/wp-json\/wp\/v2\/types\/page"}],"author":[{"embeddable":true,"href":"http:\/\/btiigroup.com\/pt\/wp-json\/wp\/v2\/users\/1"}],"replies":[{"embeddable":true,"href":"http:\/\/btiigroup.com\/pt\/wp-json\/wp\/v2\/comments?post=1237"}],"version-history":[{"count":3,"href":"http:\/\/btiigroup.com\/pt\/wp-json\/wp\/v2\/pages\/1237\/revisions"}],"predecessor-version":[{"id":1243,"href":"http:\/\/btiigroup.com\/pt\/wp-json\/wp\/v2\/pages\/1237\/revisions\/1243"}],"wp:attachment":[{"href":"http:\/\/btiigroup.com\/pt\/wp-json\/wp\/v2\/media?parent=1237"}],"curies":[{"name":"wp","href":"https:\/\/api.w.org\/{rel}","templated":true}]}}