{"id":1235,"date":"2021-10-05T18:58:18","date_gmt":"2021-10-05T18:58:18","guid":{"rendered":"https:\/\/btiigroup.com\/?page_id=1235"},"modified":"2021-10-05T18:58:18","modified_gmt":"2021-10-05T18:58:18","slug":"delivery-policy","status":"publish","type":"page","link":"http:\/\/btiigroup.com\/pt\/delivery-policy\/","title":{"rendered":"POL\u00cdTICA DE ENTREGA"},"content":{"rendered":"<p><span style=\"font-weight: 400;\">\u039f Deadline for delivery is considered from confirmation of payment.<\/span><\/p>\n<p>&nbsp;<\/p>\n<p><span style=\"font-weight: 400;\">A entrega ser\u00e1 feita o mais breve poss\u00edvel.\u00a0<\/span><\/p>\n<p>&nbsp;<\/p>\n<p><b>Uni\u00e3o Europeia:<\/b><span style=\"font-weight: 400;\">Normalmente demora 1 dia para fretes dentro da UE.<\/span><\/p>\n<p><b>Fora da UE:<\/b><span style=\"font-weight: 400;\">A entrega fora da UE leva de 5 a 7 dias \u00fateis.\u00a0<\/span><\/p>\n<p><span style=\"font-weight: 400;\">Se voc\u00ea escolheu um cart\u00e3o personalizado, s\u00e3o adicionados de 1 a 2 dias para a fabrica\u00e7\u00e3o do cart\u00e3o.<\/span><\/p>\n<p>&nbsp;<\/p>\n<p><span style=\"font-weight: 400;\">A entrega ser\u00e1 feita pela transportadora DHL.<\/span><\/p>\n<p>&nbsp;<\/p>\n<ul>\n<li><span style=\"font-weight: 400;\"> Pedidos dentro da Rom\u00eania t\u00eam frete gr\u00e1tis.<\/span><\/li>\n<li><span style=\"font-weight: 400;\"> Pedidos vindos de fora da Rom\u00eania tem um custo de envio de \u20ac15.<\/span><\/li>\n<\/ul>\n<p>&nbsp;<\/p>\n<p><span style=\"font-weight: 400;\">Se voc\u00ea tiver alguma d\u00favida, sinta-se \u00e0 vontade para falar conosco via chat dispon\u00edvel em nosso site ou envie um e-mail para <\/span><a href=\"mailto:business@cardanti.com\"><span style=\"font-weight: 400;\">s<\/span><\/a><span style=\"font-weight: 400;\">ales@btiigroup.com<\/span><span style=\"font-weight: 400;\">\u00a0<\/span><\/p>","protected":false},"excerpt":{"rendered":"<p>\u039f Deadline for delivery is considered from confirmation of payment. &nbsp; Delivery will be made as soon as possible.\u00a0 &nbsp; European Union: Normally it takes 1 day for shipments within the EU. Outside EU: Delivery outside the EU takes 5-7 business days.\u00a0 If you have chosen a custom card, 1 to 2 days are added [&hellip;]<\/p>","protected":false},"author":1,"featured_media":0,"parent":0,"menu_order":0,"comment_status":"closed","ping_status":"closed","template":"","meta":{"passster_activate_protection":null,"passster_protect_child_pages":"","passster_protection_type":"password","passster_password":"","passster_activate_overwrite_defaults":"","passster_headline":"","passster_instruction":"","passster_placeholder":"","passster_button":"","passster_id":"","passster_activate_misc_settings":"","passster_redirect_url":"","passster_hide":"no","passster_area_shortcode":""},"_links":{"self":[{"href":"http:\/\/btiigroup.com\/pt\/wp-json\/wp\/v2\/pages\/1235"}],"collection":[{"href":"http:\/\/btiigroup.com\/pt\/wp-json\/wp\/v2\/pages"}],"about":[{"href":"http:\/\/btiigroup.com\/pt\/wp-json\/wp\/v2\/types\/page"}],"author":[{"embeddable":true,"href":"http:\/\/btiigroup.com\/pt\/wp-json\/wp\/v2\/users\/1"}],"replies":[{"embeddable":true,"href":"http:\/\/btiigroup.com\/pt\/wp-json\/wp\/v2\/comments?post=1235"}],"version-history":[{"count":1,"href":"http:\/\/btiigroup.com\/pt\/wp-json\/wp\/v2\/pages\/1235\/revisions"}],"predecessor-version":[{"id":1236,"href":"http:\/\/btiigroup.com\/pt\/wp-json\/wp\/v2\/pages\/1235\/revisions\/1236"}],"wp:attachment":[{"href":"http:\/\/btiigroup.com\/pt\/wp-json\/wp\/v2\/media?parent=1235"}],"curies":[{"name":"wp","href":"https:\/\/api.w.org\/{rel}","templated":true}]}}